{"id":104,"date":"2020-03-18T01:16:16","date_gmt":"2020-03-18T01:16:16","guid":{"rendered":"https:\/\/matematicasmuyfaciles.com\/?post_type=product&#038;p=104"},"modified":"2024-10-08T05:32:26","modified_gmt":"2024-10-08T05:32:26","slug":"por-que-no-entiendo-calculo-diferencial-pdf","status":"publish","type":"product","link":"https:\/\/matematicasmuyfaciles.com\/index.php\/producto\/por-que-no-entiendo-calculo-diferencial-pdf\/","title":{"rendered":"\u00bfPor que no entiendo C\u00e1lculo Diferencial? (PDF)"},"content":{"rendered":"<p>Son libros que te muestran c\u00f3mo te equivocas y te ense\u00f1an a no equivocarte m\u00e1s.<br \/>\nSu redacci\u00f3n es como si te estuviera hablando un compa\u00f1ero de tu nivel, pero con pleno conocimiento de lo que te habla.<br \/>\nNo te arrepentir\u00e1s de adquirir cualquiera de estos libros, pues ver\u00e1s que con tan poco dinero, lograr\u00e1s llevarte a un maestro a tu casa, que resolver\u00e1 todas tus dudas.<br \/>\nCONTACTAME si deseas m\u00e1s explicaci\u00f3n sobre ellos, o si los prefieres en FORMA FISICA. mi correo: majapea@hotmail.com<\/p>\n","protected":false},"excerpt":{"rendered":"<p>Te muestra a detalle la manera de entender los s\u00edmbolos de desigualdad. Te da las t\u00e9cnicas para la soluci\u00f3n de desigualdades lineales, cuadr\u00e1ticas y en valor absoluto. Te ilustra sobre la diferencia entre relaci\u00f3n binaria y funci\u00f3n. Te detalla con claridad todas las funciones y los conceptos de dominio y rango. Te ense\u00f1a de una manera muy sencilla y comprensible el concepto de la derivada de funciones, Te ense\u00f1a a derivar de manera que comprender\u00e1s con toda claridad. Te muestra c\u00f3mo hacer gr\u00e1ficas, y te ense\u00f1ar\u00e1 las aplicaciones del C\u00e1lculo Diferencial, para variaciones en \u00e1reas y vol\u00famenes.<\/p>\n","protected":false},"featured_media":103,"comment_status":"open","ping_status":"closed","template":"","meta":{"neve_meta_sidebar":"","neve_meta_container":"","neve_meta_enable_content_width":"off","neve_meta_content_width":100,"neve_meta_title_alignment":"","neve_meta_author_avatar":"","neve_post_elements_order":"","neve_meta_disable_header":"","neve_meta_disable_footer":"","neve_meta_disable_title":"","neve_meta_reading_time":"","_themeisle_gutenberg_block_has_review":false},"product_cat":[23,24,21,22],"product_tag":[],"class_list":{"0":"post-104","1":"product","2":"type-product","3":"status-publish","4":"has-post-thumbnail","6":"product_cat-calculo","7":"product_cat-libro-digital-pdf","8":"product_cat-preparatoria","9":"product_cat-universidad","11":"first","12":"instock","13":"downloadable","14":"virtual","15":"taxable","16":"purchasable","17":"product-type-simple"},"_links":{"self":[{"href":"https:\/\/matematicasmuyfaciles.com\/index.php\/wp-json\/wp\/v2\/product\/104"}],"collection":[{"href":"https:\/\/matematicasmuyfaciles.com\/index.php\/wp-json\/wp\/v2\/product"}],"about":[{"href":"https:\/\/matematicasmuyfaciles.com\/index.php\/wp-json\/wp\/v2\/types\/product"}],"replies":[{"embeddable":true,"href":"https:\/\/matematicasmuyfaciles.com\/index.php\/wp-json\/wp\/v2\/comments?post=104"}],"wp:featuredmedia":[{"embeddable":true,"href":"https:\/\/matematicasmuyfaciles.com\/index.php\/wp-json\/wp\/v2\/media\/103"}],"wp:attachment":[{"href":"https:\/\/matematicasmuyfaciles.com\/index.php\/wp-json\/wp\/v2\/media?parent=104"}],"wp:term":[{"taxonomy":"product_cat","embeddable":true,"href":"https:\/\/matematicasmuyfaciles.com\/index.php\/wp-json\/wp\/v2\/product_cat?post=104"},{"taxonomy":"product_tag","embeddable":true,"href":"https:\/\/matematicasmuyfaciles.com\/index.php\/wp-json\/wp\/v2\/product_tag?post=104"}],"curies":[{"name":"wp","href":"https:\/\/api.w.org\/{rel}","templated":true}]}}