{"id":310,"date":"2020-06-26T19:07:37","date_gmt":"2020-06-26T19:07:37","guid":{"rendered":"https:\/\/matematicasmuyfaciles.com\/?page_id=310"},"modified":"2020-07-01T01:57:50","modified_gmt":"2020-07-01T01:57:50","slug":"comprar","status":"publish","type":"page","link":"https:\/\/matematicasmuyfaciles.com\/index.php\/comprar\/","title":{"rendered":"Comprar"},"content":{"rendered":"\t\t<div data-elementor-type=\"wp-page\" data-elementor-id=\"310\" class=\"elementor elementor-310\">\n\t\t\t\t\t\t<section class=\"elementor-section elementor-top-section elementor-element elementor-element-c4aed5d elementor-section-boxed elementor-section-height-default elementor-section-height-default\" data-id=\"c4aed5d\" data-element_type=\"section\">\n\t\t\t\t\t\t<div class=\"elementor-container elementor-column-gap-default\">\n\t\t\t\t\t<div class=\"elementor-column elementor-col-100 elementor-top-column elementor-element elementor-element-1d5b16f\" data-id=\"1d5b16f\" data-element_type=\"column\">\n\t\t\t<div class=\"elementor-widget-wrap elementor-element-populated\">\n\t\t\t\t\t\t<div class=\"elementor-element elementor-element-5daad26 elementor-widget elementor-widget-spacer\" data-id=\"5daad26\" data-element_type=\"widget\" data-widget_type=\"spacer.default\">\n\t\t\t\t<div class=\"elementor-widget-container\">\n\t\t\t\t\t<div class=\"elementor-spacer\">\n\t\t\t<div class=\"elementor-spacer-inner\"><\/div>\n\t\t<\/div>\n\t\t\t\t<\/div>\n\t\t\t\t<\/div>\n\t\t\t\t\t<\/div>\n\t\t<\/div>\n\t\t\t\t\t<\/div>\n\t\t<\/section>\n\t\t\t\t<section class=\"elementor-section elementor-top-section elementor-element elementor-element-ef36cff elementor-section-boxed elementor-section-height-default elementor-section-height-default\" data-id=\"ef36cff\" data-element_type=\"section\">\n\t\t\t\t\t\t<div class=\"elementor-container elementor-column-gap-default\">\n\t\t\t\t\t<div class=\"elementor-column elementor-col-100 elementor-top-column elementor-element elementor-element-caf825a\" data-id=\"caf825a\" data-element_type=\"column\">\n\t\t\t<div class=\"elementor-widget-wrap elementor-element-populated\">\n\t\t\t\t\t\t<div class=\"elementor-element elementor-element-da68aee elementor-widget elementor-widget-heading\" data-id=\"da68aee\" data-element_type=\"widget\" data-widget_type=\"heading.default\">\n\t\t\t\t<div class=\"elementor-widget-container\">\n\t\t\t<h2 class=\"elementor-heading-title elementor-size-xl\">M\u00e9todos de pago que se aceptan<\/h2>\t\t<\/div>\n\t\t\t\t<\/div>\n\t\t\t\t\t<\/div>\n\t\t<\/div>\n\t\t\t\t\t<\/div>\n\t\t<\/section>\n\t\t\t\t<section class=\"elementor-section elementor-top-section elementor-element elementor-element-da76ce2 elementor-section-boxed elementor-section-height-default elementor-section-height-default\" data-id=\"da76ce2\" data-element_type=\"section\">\n\t\t\t\t\t\t<div class=\"elementor-container elementor-column-gap-default\">\n\t\t\t\t\t<div class=\"elementor-column elementor-col-100 elementor-top-column elementor-element elementor-element-578649b\" data-id=\"578649b\" data-element_type=\"column\">\n\t\t\t<div class=\"elementor-widget-wrap elementor-element-populated\">\n\t\t\t\t\t\t<div class=\"elementor-element elementor-element-b5299f4 elementor-widget elementor-widget-spacer\" data-id=\"b5299f4\" data-element_type=\"widget\" data-widget_type=\"spacer.default\">\n\t\t\t\t<div class=\"elementor-widget-container\">\n\t\t\t\t\t<div class=\"elementor-spacer\">\n\t\t\t<div class=\"elementor-spacer-inner\"><\/div>\n\t\t<\/div>\n\t\t\t\t<\/div>\n\t\t\t\t<\/div>\n\t\t\t\t\t<\/div>\n\t\t<\/div>\n\t\t\t\t\t<\/div>\n\t\t<\/section>\n\t\t\t\t<section class=\"elementor-section elementor-top-section elementor-element elementor-element-e557364 elementor-section-boxed elementor-section-height-default elementor-section-height-default\" data-id=\"e557364\" data-element_type=\"section\">\n\t\t\t\t\t\t<div class=\"elementor-container elementor-column-gap-default\">\n\t\t\t\t\t<div class=\"elementor-column elementor-col-33 elementor-top-column elementor-element elementor-element-e6cc9a0\" data-id=\"e6cc9a0\" data-element_type=\"column\">\n\t\t\t<div class=\"elementor-widget-wrap elementor-element-populated\">\n\t\t\t\t\t\t<div class=\"elementor-element elementor-element-485fe7e elementor-view-default elementor-widget elementor-widget-icon\" data-id=\"485fe7e\" data-element_type=\"widget\" data-widget_type=\"icon.default\">\n\t\t\t\t<div class=\"elementor-widget-container\">\n\t\t\t\t\t<div class=\"elementor-icon-wrapper\">\n\t\t\t<div class=\"elementor-icon\">\n\t\t\t<i aria-hidden=\"true\" class=\"far fa-building\"><\/i>\t\t\t<\/div>\n\t\t<\/div>\n\t\t\t\t<\/div>\n\t\t\t\t<\/div>\n\t\t\t\t<div class=\"elementor-element elementor-element-18ded10 elementor-widget elementor-widget-text-editor\" data-id=\"18ded10\" data-element_type=\"widget\" data-widget_type=\"text-editor.default\">\n\t\t\t\t<div class=\"elementor-widget-container\">\n\t\t\t\t\t\t\t<center>Transferencia Bancaria<\/center>\t\t\t\t\t\t<\/div>\n\t\t\t\t<\/div>\n\t\t\t\t\t<\/div>\n\t\t<\/div>\n\t\t\t\t<div class=\"elementor-column elementor-col-33 elementor-top-column elementor-element elementor-element-29a885a\" data-id=\"29a885a\" data-element_type=\"column\">\n\t\t\t<div class=\"elementor-widget-wrap elementor-element-populated\">\n\t\t\t\t\t\t<div class=\"elementor-element elementor-element-172c619 elementor-view-default elementor-widget elementor-widget-icon\" data-id=\"172c619\" data-element_type=\"widget\" data-widget_type=\"icon.default\">\n\t\t\t\t<div class=\"elementor-widget-container\">\n\t\t\t\t\t<div class=\"elementor-icon-wrapper\">\n\t\t\t<div class=\"elementor-icon\">\n\t\t\t<i aria-hidden=\"true\" class=\"fab fa-paypal\"><\/i>\t\t\t<\/div>\n\t\t<\/div>\n\t\t\t\t<\/div>\n\t\t\t\t<\/div>\n\t\t\t\t<div class=\"elementor-element elementor-element-c236bb1 elementor-widget elementor-widget-text-editor\" data-id=\"c236bb1\" data-element_type=\"widget\" data-widget_type=\"text-editor.default\">\n\t\t\t\t<div class=\"elementor-widget-container\">\n\t\t\t\t\t\t\t<center>Pago por PayPal<\/center>\t\t\t\t\t\t<\/div>\n\t\t\t\t<\/div>\n\t\t\t\t\t<\/div>\n\t\t<\/div>\n\t\t\t\t<div class=\"elementor-column elementor-col-33 elementor-top-column elementor-element elementor-element-3e4969e\" data-id=\"3e4969e\" data-element_type=\"column\">\n\t\t\t<div class=\"elementor-widget-wrap elementor-element-populated\">\n\t\t\t\t\t\t<div class=\"elementor-element elementor-element-a7e9c46 elementor-view-default elementor-widget elementor-widget-icon\" data-id=\"a7e9c46\" data-element_type=\"widget\" data-widget_type=\"icon.default\">\n\t\t\t\t<div class=\"elementor-widget-container\">\n\t\t\t\t\t<div class=\"elementor-icon-wrapper\">\n\t\t\t<div class=\"elementor-icon\">\n\t\t\t<i aria-hidden=\"true\" class=\"far fa-credit-card\"><\/i>\t\t\t<\/div>\n\t\t<\/div>\n\t\t\t\t<\/div>\n\t\t\t\t<\/div>\n\t\t\t\t<div class=\"elementor-element elementor-element-2820768 elementor-widget elementor-widget-text-editor\" data-id=\"2820768\" data-element_type=\"widget\" data-widget_type=\"text-editor.default\">\n\t\t\t\t<div class=\"elementor-widget-container\">\n\t\t\t\t\t\t\t<center>Tarjeta de Cr\u00e9dito y D\u00e9bito<\/center>\t\t\t\t\t\t<\/div>\n\t\t\t\t<\/div>\n\t\t\t\t\t<\/div>\n\t\t<\/div>\n\t\t\t\t\t<\/div>\n\t\t<\/section>\n\t\t\t\t<section class=\"elementor-section elementor-top-section elementor-element elementor-element-139a846 elementor-section-boxed elementor-section-height-default elementor-section-height-default\" data-id=\"139a846\" data-element_type=\"section\">\n\t\t\t\t\t\t<div class=\"elementor-container elementor-column-gap-default\">\n\t\t\t\t\t<div class=\"elementor-column elementor-col-100 elementor-top-column elementor-element elementor-element-7835b61\" data-id=\"7835b61\" data-element_type=\"column\">\n\t\t\t<div class=\"elementor-widget-wrap elementor-element-populated\">\n\t\t\t\t\t\t<div class=\"elementor-element elementor-element-19863e3 elementor-widget elementor-widget-spacer\" data-id=\"19863e3\" data-element_type=\"widget\" data-widget_type=\"spacer.default\">\n\t\t\t\t<div class=\"elementor-widget-container\">\n\t\t\t\t\t<div class=\"elementor-spacer\">\n\t\t\t<div class=\"elementor-spacer-inner\"><\/div>\n\t\t<\/div>\n\t\t\t\t<\/div>\n\t\t\t\t<\/div>\n\t\t\t\t\t<\/div>\n\t\t<\/div>\n\t\t\t\t\t<\/div>\n\t\t<\/section>\n\t\t\t\t<section class=\"elementor-section elementor-top-section elementor-element elementor-element-2ea40f4 elementor-section-boxed elementor-section-height-default elementor-section-height-default\" data-id=\"2ea40f4\" data-element_type=\"section\">\n\t\t\t\t\t\t<div class=\"elementor-container elementor-column-gap-default\">\n\t\t\t\t\t<div class=\"elementor-column elementor-col-100 elementor-top-column elementor-element elementor-element-3a51ae6\" data-id=\"3a51ae6\" data-element_type=\"column\">\n\t\t\t<div class=\"elementor-widget-wrap elementor-element-populated\">\n\t\t\t\t\t\t<div class=\"elementor-element elementor-element-d8b5e11 elementor-widget elementor-widget-text-editor\" data-id=\"d8b5e11\" data-element_type=\"widget\" data-widget_type=\"text-editor.default\">\n\t\t\t\t<div class=\"elementor-widget-container\">\n\t\t\t\t\t\t\t&nbsp;\n\n&nbsp;\n\n<center>\n<div dir=\"auto\" style=\"direction: ltr; margin: 0; padding: 0; font-family: sans-serif; font-size: 11pt; color: black;\">Para todos los libros, el pago puede ser mediante las formas indicadas. Para los f\u00edsicos:<\/div>\n<div dir=\"auto\" style=\"direction: ltr; margin: 0; padding: 0; font-family: sans-serif; font-size: 11pt; color: black;\">Cuando elijas los libros e inicies tu tr\u00e1mite, te aparecer\u00e1 el costo del gasto de env\u00edo a pagar. Una vez realizado el pago, (Libros + gasto de env\u00edo) env\u00eda tu comprobante al correo: <a href=\"mailto:majapea@hotmail.com\" target=\"_blank\" rel=\"noopener\">majapea@hotmail.com<\/a>. para que nos des tu direcci\u00f3n completa, c\u00f3digo postal, ciudad y pa\u00eds. Y con todo gusto se te enviar\u00e1n el o los libros que hayas elegido. Por supuesto, Tijuana no paga Gasto de env\u00edo. Te los llevar\u00e9 personalmente.<\/div>\n<div dir=\"auto\" style=\"direction: ltr; margin: 0; padding: 0; font-family: sans-serif; font-size: 11pt; color: black;\">Gracias.<\/div>\n<div dir=\"auto\" style=\"direction: ltr; margin: 0; padding: 0; font-family: sans-serif; font-size: 11pt; color: black;\">Ha sido un placer atenderte.<\/div>\n<div dir=\"auto\" style=\"direction: ltr; margin: 0; padding: 0; font-family: sans-serif; font-size: 11pt; color: black;\">Mart\u00edn Javier P\u00e9rez Amador<\/div>\n&nbsp;\n<\/center>\t\t\t\t\t\t<\/div>\n\t\t\t\t<\/div>\n\t\t\t\t\t<\/div>\n\t\t<\/div>\n\t\t\t\t\t<\/div>\n\t\t<\/section>\n\t\t\t\t<\/div>\n\t\t","protected":false},"excerpt":{"rendered":"<p>M\u00e9todos de pago que se aceptan Transferencia Bancaria Pago por PayPal Tarjeta de Cr\u00e9dito y D\u00e9bito &nbsp; &nbsp; Para todos los libros, el pago puede ser mediante las formas indicadas. Para los f\u00edsicos: Cuando elijas los libros e inicies tu tr\u00e1mite, te aparecer\u00e1 el costo del gasto de env\u00edo a pagar. Una vez realizado el&hellip;&nbsp;<a href=\"https:\/\/matematicasmuyfaciles.com\/index.php\/comprar\/\" class=\"\" rel=\"bookmark\">Leer m\u00e1s &raquo;<span class=\"screen-reader-text\">Comprar<\/span><\/a><\/p>\n","protected":false},"author":1,"featured_media":0,"parent":0,"menu_order":0,"comment_status":"closed","ping_status":"closed","template":"page-templates\/template-pagebuilder-full-width.php","meta":{"neve_meta_sidebar":"","neve_meta_container":"","neve_meta_enable_content_width":"","neve_meta_content_width":0,"neve_meta_title_alignment":"","neve_meta_author_avatar":"","neve_post_elements_order":"","neve_meta_disable_header":"","neve_meta_disable_footer":"","neve_meta_disable_title":"","neve_meta_reading_time":"","_themeisle_gutenberg_block_has_review":false,"footnotes":""},"class_list":["post-310","page","type-page","status-publish","hentry"],"_links":{"self":[{"href":"https:\/\/matematicasmuyfaciles.com\/index.php\/wp-json\/wp\/v2\/pages\/310"}],"collection":[{"href":"https:\/\/matematicasmuyfaciles.com\/index.php\/wp-json\/wp\/v2\/pages"}],"about":[{"href":"https:\/\/matematicasmuyfaciles.com\/index.php\/wp-json\/wp\/v2\/types\/page"}],"author":[{"embeddable":true,"href":"https:\/\/matematicasmuyfaciles.com\/index.php\/wp-json\/wp\/v2\/users\/1"}],"replies":[{"embeddable":true,"href":"https:\/\/matematicasmuyfaciles.com\/index.php\/wp-json\/wp\/v2\/comments?post=310"}],"version-history":[{"count":17,"href":"https:\/\/matematicasmuyfaciles.com\/index.php\/wp-json\/wp\/v2\/pages\/310\/revisions"}],"predecessor-version":[{"id":348,"href":"https:\/\/matematicasmuyfaciles.com\/index.php\/wp-json\/wp\/v2\/pages\/310\/revisions\/348"}],"wp:attachment":[{"href":"https:\/\/matematicasmuyfaciles.com\/index.php\/wp-json\/wp\/v2\/media?parent=310"}],"curies":[{"name":"wp","href":"https:\/\/api.w.org\/{rel}","templated":true}]}}